{"id":6275,"date":"2023-06-03T16:17:03","date_gmt":"2023-06-03T16:17:03","guid":{"rendered":"https:\/\/maisonculturellebelgo-albanaise.com\/?page_id=6275"},"modified":"2024-09-25T14:13:25","modified_gmt":"2024-09-25T14:13:25","slug":"albanian-language-course","status":"publish","type":"page","link":"https:\/\/maisonculturellebelgo-albanaise.com\/?page_id=6275","title":{"rendered":"Albanian Language Course"},"content":{"rendered":"\t\t<div data-elementor-type=\"wp-page\" data-elementor-id=\"6275\" class=\"elementor elementor-6275\">\n\t\t\t\t\t\t<section class=\"elementor-section elementor-top-section elementor-element elementor-element-e975f34 elementor-section-boxed elementor-section-height-default elementor-section-height-default\" data-id=\"e975f34\" data-element_type=\"section\" data-e-type=\"section\">\n\t\t\t\t\t\t<div class=\"elementor-container elementor-column-gap-default\">\n\t\t\t\t\t<div class=\"elementor-column elementor-col-100 elementor-top-column elementor-element elementor-element-5d96578 column-style-top column-top\" data-id=\"5d96578\" data-element_type=\"column\" data-e-type=\"column\">\n\t\t\t<div class=\"elementor-widget-wrap elementor-element-populated\">\n\t\t\t\t\t\t<div class=\"elementor-element elementor-element-d379e62 elementor-widget elementor-widget-image\" data-id=\"d379e62\" data-element_type=\"widget\" data-e-type=\"widget\" data-widget_type=\"image.default\">\n\t\t\t\t<div class=\"elementor-widget-container\">\n\t\t\t\t\t\t\t\t\t\t\t\t\t\t\t<img fetchpriority=\"high\" decoding=\"async\" width=\"900\" height=\"675\" src=\"https:\/\/i0.wp.com\/maisonculturellebelgo-albanaise.com\/wp-content\/uploads\/2024\/04\/WhatsApp-Image-2024-04-15-at-17.47.49-1.jpeg?fit=900%2C675&amp;ssl=1\" class=\"attachment-large size-large wp-image-6823\" alt=\"\" \/>\t\t\t\t\t\t\t\t\t\t\t\t\t\t\t<\/div>\n\t\t\t\t<\/div>\n\t\t\t\t\t<\/div>\n\t\t<\/div>\n\t\t\t\t\t<\/div>\n\t\t<\/section>\n\t\t\t\t<section class=\"elementor-section elementor-top-section elementor-element elementor-element-bc5a199 elementor-section-boxed elementor-section-height-default elementor-section-height-default\" data-id=\"bc5a199\" data-element_type=\"section\" data-e-type=\"section\">\n\t\t\t\t\t\t<div class=\"elementor-container elementor-column-gap-default\">\n\t\t\t\t\t<div class=\"elementor-column elementor-col-100 elementor-top-column elementor-element elementor-element-fc087ec column-style-top column-top\" data-id=\"fc087ec\" data-element_type=\"column\" data-e-type=\"column\">\n\t\t\t<div class=\"elementor-widget-wrap\">\n\t\t\t\t\t\t\t<\/div>\n\t\t<\/div>\n\t\t\t\t\t<\/div>\n\t\t<\/section>\n\t\t\t\t<section class=\"elementor-section elementor-top-section elementor-element elementor-element-c463321 elementor-section-boxed elementor-section-height-default elementor-section-height-default\" data-id=\"c463321\" data-element_type=\"section\" data-e-type=\"section\">\n\t\t\t\t\t\t<div class=\"elementor-container elementor-column-gap-default\">\n\t\t\t\t\t<div class=\"elementor-column elementor-col-100 elementor-top-column elementor-element elementor-element-e5010c1 column-style-top column-top\" data-id=\"e5010c1\" data-element_type=\"column\" data-e-type=\"column\">\n\t\t\t<div class=\"elementor-widget-wrap elementor-element-populated\">\n\t\t\t\t\t\t<div class=\"elementor-element elementor-element-bb493b9 elementor-widget elementor-widget-heading\" data-id=\"bb493b9\" data-element_type=\"widget\" data-e-type=\"widget\" data-widget_type=\"heading.default\">\n\t\t\t\t<div class=\"elementor-widget-container\">\n\t\t\t\t\t<h2 class=\"elementor-heading-title elementor-size-default\">ShqipVille offers free Albanian language courses for everyone.<\/h2>\t\t\t\t<\/div>\n\t\t\t\t<\/div>\n\t\t\t\t<div class=\"elementor-element elementor-element-0690d48 elementor-widget elementor-widget-text-editor\" data-id=\"0690d48\" data-element_type=\"widget\" data-e-type=\"widget\" data-widget_type=\"text-editor.default\">\n\t\t\t\t<div class=\"elementor-widget-container\">\n\t\t\t\t\t\t\t\t\t<p>Join us to explore the beauty of the language and connect with a vibrant community of learners.<\/p><p>We believe that learning the Albanian language can be a rewarding and enriching experience, providing a deeper connection to Albanian culture, heritage, and traditions. Whether you are seeking to strengthen your ties with the Albanian community or simply expand your linguistic horizons, we are here to support you every step of the way.<\/p>\t\t\t\t\t\t\t\t<\/div>\n\t\t\t\t<\/div>\n\t\t\t\t<div class=\"elementor-element elementor-element-4c116fd elementor-widget elementor-widget-text-editor\" data-id=\"4c116fd\" data-element_type=\"widget\" data-e-type=\"widget\" data-widget_type=\"text-editor.default\">\n\t\t\t\t<div class=\"elementor-widget-container\">\n\t\t\t\t\t\t\t\t\t<style id=\"wpforms-css-vars-6277\">\n\t\t\t\t#wpforms-6277 {\n\t\t\t\t\n\t\t\t}\n\t\t\t<\/style><div class=\"wpforms-container wpforms-container-full wpforms-render-modern\" id=\"wpforms-6277\"><form id=\"wpforms-form-6277\" class=\"wpforms-validate wpforms-form wpforms-ajax-form\" data-formid=\"6277\" method=\"post\" enctype=\"multipart\/form-data\" action=\"\/index.php?rest_route=%2Fwp%2Fv2%2Fpages%2F6275\" data-token=\"3a35cde6e89b3c91fcdc9a8319acbdcc\" data-token-time=\"1778083926\"><noscript class=\"wpforms-error-noscript\">Please enable JavaScript in your browser to complete this form.<\/noscript><div id=\"wpforms-error-noscript\" style=\"display: none;\">Please enable JavaScript in your browser to complete this form.<\/div><div class=\"wpforms-field-container\"><div id=\"wpforms-6277-field_0-container\" class=\"wpforms-field wpforms-field-name\" data-field-id=\"0\"><fieldset><legend class=\"wpforms-field-label\">Name <span class=\"wpforms-required-label\" aria-hidden=\"true\">*<\/span><\/legend><div class=\"wpforms-field-row wpforms-field-medium\"><div class=\"wpforms-field-row-block wpforms-first wpforms-one-half\"><input type=\"text\" id=\"wpforms-6277-field_0\" class=\"wpforms-field-name-first wpforms-field-required\" name=\"wpforms[fields][0][first]\" aria-errormessage=\"wpforms-6277-field_0-error\" required><label for=\"wpforms-6277-field_0\" class=\"wpforms-field-sublabel after\">First<\/label><\/div><div class=\"wpforms-field-row-block wpforms-one-half\"><input type=\"text\" id=\"wpforms-6277-field_0-last\" class=\"wpforms-field-name-last wpforms-field-required\" name=\"wpforms[fields][0][last]\" aria-errormessage=\"wpforms-6277-field_0-last-error\" required><label for=\"wpforms-6277-field_0-last\" class=\"wpforms-field-sublabel after\">Last<\/label><\/div><\/div><\/fieldset><\/div><div id=\"wpforms-6277-field_1-container\" class=\"wpforms-field wpforms-field-email\" data-field-id=\"1\"><label class=\"wpforms-field-label\" for=\"wpforms-6277-field_1\">Email <span class=\"wpforms-required-label\" aria-hidden=\"true\">*<\/span><\/label><input type=\"email\" id=\"wpforms-6277-field_1\" class=\"wpforms-field-medium wpforms-field-required\" name=\"wpforms[fields][1]\" spellcheck=\"false\" aria-errormessage=\"wpforms-6277-field_1-error\" required><\/div><div id=\"wpforms-6277-field_3-container\" class=\"wpforms-field wpforms-field-select wpforms-field-select-style-classic\" data-field-id=\"3\"><label class=\"wpforms-field-label\" for=\"wpforms-6277-field_3\">Age <span class=\"wpforms-required-label\" aria-hidden=\"true\">*<\/span><\/label><select id=\"wpforms-6277-field_3\" class=\"wpforms-field-medium wpforms-field-required\" name=\"wpforms[fields][3]\" required=\"required\"><option value=\"6-16 Years old\"  class=\"choice-1 depth-1\"  >6-16 Years old<\/option><option value=\"Adult\"  class=\"choice-2 depth-1\"  >Adult<\/option><\/select><\/div><div id=\"wpforms-6277-field_4-container\" class=\"wpforms-field wpforms-field-checkbox\" data-field-id=\"4\"><fieldset><legend class=\"wpforms-field-label\">Your availability for the course <\/legend><ul id=\"wpforms-6277-field_4\"><li class=\"choice-1 depth-1\"><input type=\"checkbox\" id=\"wpforms-6277-field_4_1\" name=\"wpforms[fields][4][]\" value=\"E mart\u00eb 19:00 - 20-:00 Niveli B2\" aria-errormessage=\"wpforms-6277-field_4_1-error\" aria-describedby=\"wpforms-6277-field_4-description\"  ><label class=\"wpforms-field-label-inline\" for=\"wpforms-6277-field_4_1\">E mart\u00eb 19:00 &#8211; 20-:00 Niveli B2<\/label><\/li><li class=\"choice-3 depth-1\"><input type=\"checkbox\" id=\"wpforms-6277-field_4_3\" name=\"wpforms[fields][4][]\" value=\"E enj\u00ebte 19:00 - 20:00 Niveli B2\" aria-errormessage=\"wpforms-6277-field_4_3-error\" aria-describedby=\"wpforms-6277-field_4-description\"  ><label class=\"wpforms-field-label-inline\" for=\"wpforms-6277-field_4_3\">E enj\u00ebte 19:00 &#8211; 20:00 Niveli B2<\/label><\/li><li class=\"choice-2 depth-1\"><input type=\"checkbox\" id=\"wpforms-6277-field_4_2\" name=\"wpforms[fields][4][]\" value=\"E mart\u00eb 20:10 - 21:10 Niveli A1\" aria-errormessage=\"wpforms-6277-field_4_2-error\" aria-describedby=\"wpforms-6277-field_4-description\"  ><label class=\"wpforms-field-label-inline\" for=\"wpforms-6277-field_4_2\">E mart\u00eb 20:10 &#8211; 21:10 Niveli A1<\/label><\/li><li class=\"choice-4 depth-1\"><input type=\"checkbox\" id=\"wpforms-6277-field_4_4\" name=\"wpforms[fields][4][]\" value=\"E enj\u00ebte 20:10 - 21:10 Niveli A1\" aria-errormessage=\"wpforms-6277-field_4_4-error\" aria-describedby=\"wpforms-6277-field_4-description\"  ><label class=\"wpforms-field-label-inline\" for=\"wpforms-6277-field_4_4\">E enj\u00ebte 20:10 &#8211; 21:10 Niveli A1<\/label><\/li><li class=\"choice-5 depth-1\"><input type=\"checkbox\" id=\"wpforms-6277-field_4_5\" name=\"wpforms[fields][4][]\" value=\"E m\u00ebrkur\u00eb 14:30 -16:00 F\u00ebmij\u00ebt nga mosha 6-12 vje\u00e7\" aria-errormessage=\"wpforms-6277-field_4_5-error\" aria-describedby=\"wpforms-6277-field_4-description\"  ><label class=\"wpforms-field-label-inline\" for=\"wpforms-6277-field_4_5\">E m\u00ebrkur\u00eb 14:30 -16:00 F\u00ebmij\u00ebt nga mosha 6-12 vje\u00e7<\/label><\/li><\/ul><div id=\"wpforms-6277-field_4-description\" class=\"wpforms-field-description\">This course consists of weekly sessions that will be held twice a week, with each session lasting for 60 minutes. The specific days and times for these sessions will be communicated to you via email once the groups have been formed. Please make sure to check your email regularly for updates regarding the course schedule.<\/div><\/fieldset><\/div><div id=\"wpforms-6277-field_2-container\" class=\"wpforms-field wpforms-field-textarea\" data-field-id=\"2\"><label class=\"wpforms-field-label\" for=\"wpforms-6277-field_2\">Comment or Message<\/label><textarea id=\"wpforms-6277-field_2\" class=\"wpforms-field-medium\" name=\"wpforms[fields][2]\" aria-errormessage=\"wpforms-6277-field_2-error\" ><\/textarea><\/div><\/div><!-- .wpforms-field-container --><div class=\"wpforms-submit-container\" ><input type=\"hidden\" name=\"wpforms[id]\" value=\"6277\"><input type=\"hidden\" name=\"page_title\" value=\"\"><input type=\"hidden\" name=\"page_url\" value=\"https:\/\/maisonculturellebelgo-albanaise.com\/index.php?rest_route=\/wp\/v2\/pages\/6275\"><input type=\"hidden\" name=\"url_referer\" value=\"\"><button type=\"submit\" name=\"wpforms[submit]\" id=\"wpforms-submit-6277\" class=\"wpforms-submit\" data-alt-text=\"Sending...\" data-submit-text=\"Submit\" aria-live=\"assertive\" value=\"wpforms-submit\">Submit<\/button><img decoding=\"async\" src=\"https:\/\/maisonculturellebelgo-albanaise.com\/wp-content\/plugins\/wpforms-lite\/assets\/images\/submit-spin.svg\" class=\"wpforms-submit-spinner\" style=\"display: none;\" width=\"26\" height=\"26\" alt=\"Loading\"><\/div><\/form><\/div>  <!-- .wpforms-container --><p>\u00a0<\/p>\t\t\t\t\t\t\t\t<\/div>\n\t\t\t\t<\/div>\n\t\t\t\t<div class=\"elementor-element elementor-element-41e7482 elementor-widget elementor-widget-image\" data-id=\"41e7482\" data-element_type=\"widget\" data-e-type=\"widget\" data-widget_type=\"image.default\">\n\t\t\t\t<div class=\"elementor-widget-container\">\n\t\t\t\t\t\t\t\t\t\t\t\t\t\t\t<img decoding=\"async\" width=\"679\" height=\"966\" src=\"https:\/\/i0.wp.com\/maisonculturellebelgo-albanaise.com\/wp-content\/uploads\/2024\/09\/WhatsApp-Image-2024-09-25-at-15.01.54-5.jpeg?fit=679%2C966&amp;ssl=1\" class=\"attachment-large size-large wp-image-6937\" alt=\"\" \/>\t\t\t\t\t\t\t\t\t\t\t\t\t\t\t<\/div>\n\t\t\t\t<\/div>\n\t\t\t\t\t<\/div>\n\t\t<\/div>\n\t\t\t\t\t<\/div>\n\t\t<\/section>\n\t\t\t\t<\/div>\n\t\t","protected":false},"excerpt":{"rendered":"<p>ShqipVille offers free Albanian language courses for everyone. Join us to explore the beauty of the language and connect with a vibrant community of learners. We believe that learning the Albanian language can be a rewarding and enriching experience, providing a deeper connection to Albanian culture, heritage, and traditions. Whether you are seeking to strengthen [&hellip;]<\/p>\n","protected":false},"author":1,"featured_media":0,"parent":0,"menu_order":0,"comment_status":"closed","ping_status":"closed","template":"","meta":{"give_campaign_id":0,"nf_dc_page":"","om_disable_all_campaigns":false,"footnotes":""},"class_list":["post-6275","page","type-page","status-publish","hentry"],"yoast_head":"<!-- This site is optimized with the Yoast SEO plugin v27.4 - https:\/\/yoast.com\/product\/yoast-seo-wordpress\/ -->\n<title>Albanian Language Course - ShqipVille<\/title>\n<meta name=\"robots\" content=\"index, follow, max-snippet:-1, max-image-preview:large, max-video-preview:-1\" \/>\n<link rel=\"canonical\" href=\"https:\/\/maisonculturellebelgo-albanaise.com\/?page_id=6275\" \/>\n<meta property=\"og:locale\" content=\"en_US\" \/>\n<meta property=\"og:type\" content=\"article\" \/>\n<meta property=\"og:title\" content=\"Albanian Language Course - ShqipVille\" \/>\n<meta property=\"og:description\" content=\"ShqipVille offers free Albanian language courses for everyone. Join us to explore the beauty of the language and connect with a vibrant community of learners. We believe that learning the Albanian language can be a rewarding and enriching experience, providing a deeper connection to Albanian culture, heritage, and traditions. Whether you are seeking to strengthen [&hellip;]\" \/>\n<meta property=\"og:url\" content=\"https:\/\/maisonculturellebelgo-albanaise.com\/?page_id=6275\" \/>\n<meta property=\"og:site_name\" content=\"ShqipVille\" \/>\n<meta property=\"article:modified_time\" content=\"2024-09-25T14:13:25+00:00\" \/>\n<meta property=\"og:image\" content=\"https:\/\/maisonculturellebelgo-albanaise.com\/wp-content\/uploads\/2024\/04\/WhatsApp-Image-2024-04-15-at-17.47.49-1-1024x768.jpeg\" \/>\n<meta name=\"twitter:card\" content=\"summary_large_image\" \/>\n<meta name=\"twitter:label1\" content=\"Est. reading time\" \/>\n\t<meta name=\"twitter:data1\" content=\"2 minutes\" \/>\n<script type=\"application\/ld+json\" class=\"yoast-schema-graph\">{\"@context\":\"https:\\\/\\\/schema.org\",\"@graph\":[{\"@type\":\"WebPage\",\"@id\":\"https:\\\/\\\/maisonculturellebelgo-albanaise.com\\\/?page_id=6275\",\"url\":\"https:\\\/\\\/maisonculturellebelgo-albanaise.com\\\/?page_id=6275\",\"name\":\"Albanian Language Course - ShqipVille\",\"isPartOf\":{\"@id\":\"https:\\\/\\\/maisonculturellebelgo-albanaise.com\\\/#website\"},\"primaryImageOfPage\":{\"@id\":\"https:\\\/\\\/maisonculturellebelgo-albanaise.com\\\/?page_id=6275#primaryimage\"},\"image\":{\"@id\":\"https:\\\/\\\/maisonculturellebelgo-albanaise.com\\\/?page_id=6275#primaryimage\"},\"thumbnailUrl\":\"https:\\\/\\\/maisonculturellebelgo-albanaise.com\\\/wp-content\\\/uploads\\\/2024\\\/04\\\/WhatsApp-Image-2024-04-15-at-17.47.49-1-1024x768.jpeg\",\"datePublished\":\"2023-06-03T16:17:03+00:00\",\"dateModified\":\"2024-09-25T14:13:25+00:00\",\"breadcrumb\":{\"@id\":\"https:\\\/\\\/maisonculturellebelgo-albanaise.com\\\/?page_id=6275#breadcrumb\"},\"inLanguage\":\"en-US\",\"potentialAction\":[{\"@type\":\"ReadAction\",\"target\":[\"https:\\\/\\\/maisonculturellebelgo-albanaise.com\\\/?page_id=6275\"]}]},{\"@type\":\"ImageObject\",\"inLanguage\":\"en-US\",\"@id\":\"https:\\\/\\\/maisonculturellebelgo-albanaise.com\\\/?page_id=6275#primaryimage\",\"url\":\"https:\\\/\\\/maisonculturellebelgo-albanaise.com\\\/wp-content\\\/uploads\\\/2024\\\/04\\\/WhatsApp-Image-2024-04-15-at-17.47.49-1-1024x768.jpeg\",\"contentUrl\":\"https:\\\/\\\/maisonculturellebelgo-albanaise.com\\\/wp-content\\\/uploads\\\/2024\\\/04\\\/WhatsApp-Image-2024-04-15-at-17.47.49-1-1024x768.jpeg\"},{\"@type\":\"BreadcrumbList\",\"@id\":\"https:\\\/\\\/maisonculturellebelgo-albanaise.com\\\/?page_id=6275#breadcrumb\",\"itemListElement\":[{\"@type\":\"ListItem\",\"position\":1,\"name\":\"Home\",\"item\":\"https:\\\/\\\/maisonculturellebelgo-albanaise.com\\\/\"},{\"@type\":\"ListItem\",\"position\":2,\"name\":\"Albanian Language Course\"}]},{\"@type\":\"WebSite\",\"@id\":\"https:\\\/\\\/maisonculturellebelgo-albanaise.com\\\/#website\",\"url\":\"https:\\\/\\\/maisonculturellebelgo-albanaise.com\\\/\",\"name\":\"ShqipVille\",\"description\":\"ShqipVille\",\"potentialAction\":[{\"@type\":\"SearchAction\",\"target\":{\"@type\":\"EntryPoint\",\"urlTemplate\":\"https:\\\/\\\/maisonculturellebelgo-albanaise.com\\\/?s={search_term_string}\"},\"query-input\":{\"@type\":\"PropertyValueSpecification\",\"valueRequired\":true,\"valueName\":\"search_term_string\"}}],\"inLanguage\":\"en-US\"}]}<\/script>\n<!-- \/ Yoast SEO plugin. -->","yoast_head_json":{"title":"Albanian Language Course - ShqipVille","robots":{"index":"index","follow":"follow","max-snippet":"max-snippet:-1","max-image-preview":"max-image-preview:large","max-video-preview":"max-video-preview:-1"},"canonical":"https:\/\/maisonculturellebelgo-albanaise.com\/?page_id=6275","og_locale":"en_US","og_type":"article","og_title":"Albanian Language Course - ShqipVille","og_description":"ShqipVille offers free Albanian language courses for everyone. Join us to explore the beauty of the language and connect with a vibrant community of learners. We believe that learning the Albanian language can be a rewarding and enriching experience, providing a deeper connection to Albanian culture, heritage, and traditions. Whether you are seeking to strengthen [&hellip;]","og_url":"https:\/\/maisonculturellebelgo-albanaise.com\/?page_id=6275","og_site_name":"ShqipVille","article_modified_time":"2024-09-25T14:13:25+00:00","og_image":[{"url":"https:\/\/maisonculturellebelgo-albanaise.com\/wp-content\/uploads\/2024\/04\/WhatsApp-Image-2024-04-15-at-17.47.49-1-1024x768.jpeg","type":"","width":"","height":""}],"twitter_card":"summary_large_image","twitter_misc":{"Est. reading time":"2 minutes"},"schema":{"@context":"https:\/\/schema.org","@graph":[{"@type":"WebPage","@id":"https:\/\/maisonculturellebelgo-albanaise.com\/?page_id=6275","url":"https:\/\/maisonculturellebelgo-albanaise.com\/?page_id=6275","name":"Albanian Language Course - ShqipVille","isPartOf":{"@id":"https:\/\/maisonculturellebelgo-albanaise.com\/#website"},"primaryImageOfPage":{"@id":"https:\/\/maisonculturellebelgo-albanaise.com\/?page_id=6275#primaryimage"},"image":{"@id":"https:\/\/maisonculturellebelgo-albanaise.com\/?page_id=6275#primaryimage"},"thumbnailUrl":"https:\/\/maisonculturellebelgo-albanaise.com\/wp-content\/uploads\/2024\/04\/WhatsApp-Image-2024-04-15-at-17.47.49-1-1024x768.jpeg","datePublished":"2023-06-03T16:17:03+00:00","dateModified":"2024-09-25T14:13:25+00:00","breadcrumb":{"@id":"https:\/\/maisonculturellebelgo-albanaise.com\/?page_id=6275#breadcrumb"},"inLanguage":"en-US","potentialAction":[{"@type":"ReadAction","target":["https:\/\/maisonculturellebelgo-albanaise.com\/?page_id=6275"]}]},{"@type":"ImageObject","inLanguage":"en-US","@id":"https:\/\/maisonculturellebelgo-albanaise.com\/?page_id=6275#primaryimage","url":"https:\/\/maisonculturellebelgo-albanaise.com\/wp-content\/uploads\/2024\/04\/WhatsApp-Image-2024-04-15-at-17.47.49-1-1024x768.jpeg","contentUrl":"https:\/\/maisonculturellebelgo-albanaise.com\/wp-content\/uploads\/2024\/04\/WhatsApp-Image-2024-04-15-at-17.47.49-1-1024x768.jpeg"},{"@type":"BreadcrumbList","@id":"https:\/\/maisonculturellebelgo-albanaise.com\/?page_id=6275#breadcrumb","itemListElement":[{"@type":"ListItem","position":1,"name":"Home","item":"https:\/\/maisonculturellebelgo-albanaise.com\/"},{"@type":"ListItem","position":2,"name":"Albanian Language Course"}]},{"@type":"WebSite","@id":"https:\/\/maisonculturellebelgo-albanaise.com\/#website","url":"https:\/\/maisonculturellebelgo-albanaise.com\/","name":"ShqipVille","description":"ShqipVille","potentialAction":[{"@type":"SearchAction","target":{"@type":"EntryPoint","urlTemplate":"https:\/\/maisonculturellebelgo-albanaise.com\/?s={search_term_string}"},"query-input":{"@type":"PropertyValueSpecification","valueRequired":true,"valueName":"search_term_string"}}],"inLanguage":"en-US"}]}},"campaignId":"","jetpack_sharing_enabled":true,"_links":{"self":[{"href":"https:\/\/maisonculturellebelgo-albanaise.com\/index.php?rest_route=\/wp\/v2\/pages\/6275","targetHints":{"allow":["GET"]}}],"collection":[{"href":"https:\/\/maisonculturellebelgo-albanaise.com\/index.php?rest_route=\/wp\/v2\/pages"}],"about":[{"href":"https:\/\/maisonculturellebelgo-albanaise.com\/index.php?rest_route=\/wp\/v2\/types\/page"}],"author":[{"embeddable":true,"href":"https:\/\/maisonculturellebelgo-albanaise.com\/index.php?rest_route=\/wp\/v2\/users\/1"}],"replies":[{"embeddable":true,"href":"https:\/\/maisonculturellebelgo-albanaise.com\/index.php?rest_route=%2Fwp%2Fv2%2Fcomments&post=6275"}],"version-history":[{"count":5,"href":"https:\/\/maisonculturellebelgo-albanaise.com\/index.php?rest_route=\/wp\/v2\/pages\/6275\/revisions"}],"predecessor-version":[{"id":6963,"href":"https:\/\/maisonculturellebelgo-albanaise.com\/index.php?rest_route=\/wp\/v2\/pages\/6275\/revisions\/6963"}],"wp:attachment":[{"href":"https:\/\/maisonculturellebelgo-albanaise.com\/index.php?rest_route=%2Fwp%2Fv2%2Fmedia&parent=6275"}],"curies":[{"name":"wp","href":"https:\/\/api.w.org\/{rel}","templated":true}]}}