{"id":2844,"date":"2018-03-06T08:16:16","date_gmt":"2018-03-06T08:16:16","guid":{"rendered":"https:\/\/gaviaspreview.com\/wp\/oxpitan\/?page_id=2844"},"modified":"2023-06-07T18:25:18","modified_gmt":"2023-06-07T18:25:18","slug":"volunteer","status":"publish","type":"page","link":"https:\/\/maisonculturellebelgo-albanaise.com\/?page_id=2844","title":{"rendered":"BOARD"},"content":{"rendered":"\t\t<div data-elementor-type=\"wp-post\" data-elementor-id=\"2844\" class=\"elementor elementor-2844\">\n\t\t\t\t\t\t<section class=\"elementor-section elementor-top-section elementor-element elementor-element-460bc05 elementor-section-boxed elementor-section-height-default elementor-section-height-default\" data-id=\"460bc05\" data-element_type=\"section\" data-e-type=\"section\">\n\t\t\t\t\t\t\t<div class=\"elementor-background-overlay\"><\/div>\n\t\t\t\t\t\t\t<div class=\"elementor-container elementor-column-gap-default\">\n\t\t\t\t\t<div class=\"elementor-column elementor-col-100 elementor-top-column elementor-element elementor-element-1b918ac column-style-top column-top\" data-id=\"1b918ac\" data-element_type=\"column\" data-e-type=\"column\">\n\t\t\t<div class=\"elementor-widget-wrap elementor-element-populated\">\n\t\t\t\t\t\t<div class=\"elementor-element elementor-element-5e47420 elementor-widget elementor-widget-gva-teams\" data-id=\"5e47420\" data-element_type=\"widget\" data-e-type=\"widget\" data-widget_type=\"gva-teams.default\">\n\t\t\t\t<div class=\"elementor-widget-container\">\n\t\t\t\t\t<div class=\"gva-element-gva-teams gva-element\">  \r\n  <div class=\"gva-teams-grid clearfix grid-lv1t\">\r\n      <div class=\"gva-content-items\"> \r\n        <div class=\"lg-block-grid-4 md-block-grid-3 sm-block-grid-2 xs-block-grid-1\">\r\n          <div class=\"team-block team-v1\">\n\t\t\t<div class=\"team-image\">\n\t\t \t<a href=\"https:\/\/maisonculturellebelgo-albanaise.com\/?gva_team=max-stoiber\"><img fetchpriority=\"high\" decoding=\"async\" width=\"427\" height=\"550\" src=\"https:\/\/i0.wp.com\/maisonculturellebelgo-albanaise.com\/wp-content\/uploads\/2018\/02\/Untitled-design-3-1.png?fit=427%2C550&amp;ssl=1\" class=\"attachment-post-thumbnail size-post-thumbnail wp-post-image\" alt=\"\" \/><\/a>\n\t\t \t\t\t\t   <div class=\"socials-team\">\n\t\t     \t\t\t     \t\t\t\t\t\t     \t<a class=\"gva-social\" href=\"https:\/\/www.instagram.com\/ledja_canaj\/\">\n\t\t\t\t         <i class=\"instagram\"><\/i>\n\t\t\t\t      <\/a>\n\t\t\t\t      \n\t\t     \t\t\t     \t\t\t\t\t\t     \t<a class=\"gva-social\" href=\"https:\/\/www.facebook.com\/ledja.canaj.9\/?locale=nl_NL\">\n\t\t\t\t         <i class=\"facebook\"><\/i>\n\t\t\t\t      <\/a>\n\t\t\t\t      \n\t\t     \t\t\t     \t\t\t\t\t\t     \t<a class=\"gva-social\" href=\"https:\/\/be.linkedin.com\/in\/ledja-canaj-579994183?original_referer=https%3A%2F%2Fwww.google.com%2F\">\n\t\t\t\t         <i class=\"linkedin\"><\/i>\n\t\t\t\t      <\/a>\n\t\t\t\t      \n\t\t     \t\t\t\t   <\/div>\n\t\t\t\t\t<\/div>\n\t\t<div class=\"team-content\">\n\t   <div class=\"team-name\"><a href=\"https:\/\/maisonculturellebelgo-albanaise.com\/?gva_team=max-stoiber\">Ledja Canaj<\/a><\/div>\n\t      \n\t   \t<div class=\"team-job\">FOUNDER &amp; CEO OF MAISON CULTURELLE BELGO-ALBANAISE<\/div>\n\t   \t   <div class=\"team-body\"><\/div>\n\t   \n\t<\/div>\n<\/div>  <div class=\"team-block team-v1\">\n\t\t\t<div class=\"team-image\">\n\t\t \t<a href=\"https:\/\/maisonculturellebelgo-albanaise.com\/?gva_team=holly-hill\"><img decoding=\"async\" width=\"427\" height=\"550\" src=\"https:\/\/i0.wp.com\/maisonculturellebelgo-albanaise.com\/wp-content\/uploads\/2018\/02\/Untitled-design-2.png?fit=427%2C550&amp;ssl=1\" class=\"attachment-post-thumbnail size-post-thumbnail wp-post-image\" alt=\"\" \/><\/a>\n\t\t \t\t\t\t   <div class=\"socials-team\">\n\t\t     \t\t\t     \t\t   \n\t\t     \t\t\t\t   <\/div>\n\t\t\t\t\t<\/div>\n\t\t<div class=\"team-content\">\n\t   <div class=\"team-name\"><a href=\"https:\/\/maisonculturellebelgo-albanaise.com\/?gva_team=holly-hill\">Kimete Katia Basha<\/a><\/div>\n\t   \t   <div class=\"team-body\"><\/div>\n\t   \n\t<\/div>\n<\/div>  <div class=\"team-block team-v1\">\n\t\t\t<div class=\"team-image\">\n\t\t \t<a href=\"https:\/\/maisonculturellebelgo-albanaise.com\/?gva_team=ilirjana-gjoni\"><img decoding=\"async\" width=\"427\" height=\"550\" src=\"https:\/\/i0.wp.com\/maisonculturellebelgo-albanaise.com\/wp-content\/uploads\/2023\/05\/8-2.png?fit=427%2C550&amp;ssl=1\" class=\"attachment-post-thumbnail size-post-thumbnail wp-post-image\" alt=\"\" \/><\/a>\n\t\t \t\t\t\t   <div class=\"socials-team\">\n\t\t     \t\t\t     \t\t   \n\t\t     \t\t\t\t   <\/div>\n\t\t\t\t\t<\/div>\n\t\t<div class=\"team-content\">\n\t   <div class=\"team-name\"><a href=\"https:\/\/maisonculturellebelgo-albanaise.com\/?gva_team=ilirjana-gjoni\">Ilirjana Gjoni<\/a><\/div>\n\t   \t   <div class=\"team-body\"><\/div>\n\t   \n\t<\/div>\n<\/div>  <div class=\"team-block team-v1\">\n\t\t\t<div class=\"team-image\">\n\t\t \t<a href=\"https:\/\/maisonculturellebelgo-albanaise.com\/?gva_team=arber-cepani\"><img loading=\"lazy\" decoding=\"async\" width=\"427\" height=\"550\" src=\"https:\/\/i0.wp.com\/maisonculturellebelgo-albanaise.com\/wp-content\/uploads\/2023\/05\/4-2.png?fit=427%2C550&amp;ssl=1\" class=\"attachment-post-thumbnail size-post-thumbnail wp-post-image\" alt=\"\" \/><\/a>\n\t\t \t\t\t\t   <div class=\"socials-team\">\n\t\t     \t\t\t     \t\t   \n\t\t     \t\t\t\t   <\/div>\n\t\t\t\t\t<\/div>\n\t\t<div class=\"team-content\">\n\t   <div class=\"team-name\"><a href=\"https:\/\/maisonculturellebelgo-albanaise.com\/?gva_team=arber-cepani\">Arb\u00ebr \u00c7epani<\/a><\/div>\n\t   \t   <div class=\"team-body\"><\/div>\n\t   \n\t<\/div>\n<\/div>  <div class=\"team-block team-v1\">\n\t\t\t<div class=\"team-image\">\n\t\t \t<a href=\"https:\/\/maisonculturellebelgo-albanaise.com\/?gva_team=gege-efendija\"><img loading=\"lazy\" decoding=\"async\" width=\"427\" height=\"550\" src=\"https:\/\/i0.wp.com\/maisonculturellebelgo-albanaise.com\/wp-content\/uploads\/2023\/05\/5-2.png?fit=427%2C550&amp;ssl=1\" class=\"attachment-post-thumbnail size-post-thumbnail wp-post-image\" alt=\"\" \/><\/a>\n\t\t \t\t\t\t   <div class=\"socials-team\">\n\t\t     \t\t\t     \t\t   \n\t\t     \t\t\t\t   <\/div>\n\t\t\t\t\t<\/div>\n\t\t<div class=\"team-content\">\n\t   <div class=\"team-name\"><a href=\"https:\/\/maisonculturellebelgo-albanaise.com\/?gva_team=gege-efendija\">Geg\u00eb Efendija<\/a><\/div>\n\t   \t   <div class=\"team-body\"><\/div>\n\t   \n\t<\/div>\n<\/div>  <div class=\"team-block team-v1\">\n\t\t\t<div class=\"team-image\">\n\t\t \t<a href=\"https:\/\/maisonculturellebelgo-albanaise.com\/?gva_team=marc-frederix\"><img loading=\"lazy\" decoding=\"async\" width=\"427\" height=\"550\" src=\"https:\/\/i0.wp.com\/maisonculturellebelgo-albanaise.com\/wp-content\/uploads\/2023\/05\/6-3.png?fit=427%2C550&amp;ssl=1\" class=\"attachment-post-thumbnail size-post-thumbnail wp-post-image\" alt=\"\" \/><\/a>\n\t\t \t\t\t\t   <div class=\"socials-team\">\n\t\t     \t\t\t     \t\t   \n\t\t     \t\t\t\t   <\/div>\n\t\t\t\t\t<\/div>\n\t\t<div class=\"team-content\">\n\t   <div class=\"team-name\"><a href=\"https:\/\/maisonculturellebelgo-albanaise.com\/?gva_team=marc-frederix\">Marc Frederix<\/a><\/div>\n\t   \t   <div class=\"team-body\"><\/div>\n\t   \n\t<\/div>\n<\/div>  <div class=\"team-block team-v1\">\n\t\t\t<div class=\"team-image\">\n\t\t \t<a href=\"https:\/\/maisonculturellebelgo-albanaise.com\/?gva_team=denajda-bajraktari\"><img loading=\"lazy\" decoding=\"async\" width=\"427\" height=\"550\" src=\"https:\/\/i0.wp.com\/maisonculturellebelgo-albanaise.com\/wp-content\/uploads\/2023\/05\/Untitled-design-1.png?fit=427%2C550&amp;ssl=1\" class=\"attachment-post-thumbnail size-post-thumbnail wp-post-image\" alt=\"\" \/><\/a>\n\t\t \t\t\t\t   <div class=\"socials-team\">\n\t\t     \t\t\t     \t\t   \n\t\t     \t\t\t\t   <\/div>\n\t\t\t\t\t<\/div>\n\t\t<div class=\"team-content\">\n\t   <div class=\"team-name\"><a href=\"https:\/\/maisonculturellebelgo-albanaise.com\/?gva_team=denajda-bajraktari\">Denajda Bajraktari<\/a><\/div>\n\t   \t   <div class=\"team-body\"><\/div>\n\t   \n\t<\/div>\n<\/div>  <div class=\"team-block team-v1\">\n\t\t\t<div class=\"team-image\">\n\t\t \t<a href=\"https:\/\/maisonculturellebelgo-albanaise.com\/?gva_team=michael-de-cock\"><img loading=\"lazy\" decoding=\"async\" width=\"427\" height=\"550\" src=\"https:\/\/i0.wp.com\/maisonculturellebelgo-albanaise.com\/wp-content\/uploads\/2023\/05\/Untitled-design-2.png?fit=427%2C550&amp;ssl=1\" class=\"attachment-post-thumbnail size-post-thumbnail wp-post-image\" alt=\"\" \/><\/a>\n\t\t \t\t\t\t   <div class=\"socials-team\">\n\t\t     \t\t\t     \t\t   \n\t\t     \t\t\t\t   <\/div>\n\t\t\t\t\t<\/div>\n\t\t<div class=\"team-content\">\n\t   <div class=\"team-name\"><a href=\"https:\/\/maisonculturellebelgo-albanaise.com\/?gva_team=michael-de-cock\">Michael De Cock<\/a><\/div>\n\t   \t   <div class=\"team-body\"><\/div>\n\t   \n\t<\/div>\n<\/div>  <div class=\"team-block team-v1\">\n\t\t\t<div class=\"team-image\">\n\t\t \t<a href=\"https:\/\/maisonculturellebelgo-albanaise.com\/?gva_team=drilona-shtjefni\"><img loading=\"lazy\" decoding=\"async\" width=\"427\" height=\"550\" src=\"https:\/\/i0.wp.com\/maisonculturellebelgo-albanaise.com\/wp-content\/uploads\/2023\/05\/Untitled-design-3.png?fit=427%2C550&amp;ssl=1\" class=\"attachment-post-thumbnail size-post-thumbnail wp-post-image\" alt=\"\" \/><\/a>\n\t\t \t\t\t\t   <div class=\"socials-team\">\n\t\t     \t\t\t     \t\t   \n\t\t     \t\t\t\t   <\/div>\n\t\t\t\t\t<\/div>\n\t\t<div class=\"team-content\">\n\t   <div class=\"team-name\"><a href=\"https:\/\/maisonculturellebelgo-albanaise.com\/?gva_team=drilona-shtjefni\">Drilona Shtjefni<\/a><\/div>\n\t   \t   <div class=\"team-body\"><\/div>\n\t   \n\t<\/div>\n<\/div>  <div class=\"team-block team-v1\">\n\t\t\t<div class=\"team-image\">\n\t\t \t<a href=\"https:\/\/maisonculturellebelgo-albanaise.com\/?gva_team=vildan-maksuti\"><img loading=\"lazy\" decoding=\"async\" width=\"427\" height=\"550\" src=\"https:\/\/i0.wp.com\/maisonculturellebelgo-albanaise.com\/wp-content\/uploads\/2023\/05\/Untitled-design-4.png?fit=427%2C550&amp;ssl=1\" class=\"attachment-post-thumbnail size-post-thumbnail wp-post-image\" alt=\"\" \/><\/a>\n\t\t \t\t\t\t   <div class=\"socials-team\">\n\t\t     \t\t\t     \t\t   \n\t\t     \t\t\t\t   <\/div>\n\t\t\t\t\t<\/div>\n\t\t<div class=\"team-content\">\n\t   <div class=\"team-name\"><a href=\"https:\/\/maisonculturellebelgo-albanaise.com\/?gva_team=vildan-maksuti\">Vildan Maksuti<\/a><\/div>\n\t   \t   <div class=\"team-body\"><\/div>\n\t   \n\t<\/div>\n<\/div>  <div class=\"team-block team-v1\">\n\t\t\t<div class=\"team-image\">\n\t\t \t<a href=\"https:\/\/maisonculturellebelgo-albanaise.com\/?gva_team=nicolas-wieers\"><img loading=\"lazy\" decoding=\"async\" width=\"427\" height=\"550\" src=\"https:\/\/i0.wp.com\/maisonculturellebelgo-albanaise.com\/wp-content\/uploads\/2023\/05\/7-3.png?fit=427%2C550&amp;ssl=1\" class=\"attachment-post-thumbnail size-post-thumbnail wp-post-image\" alt=\"\" \/><\/a>\n\t\t \t\t\t\t   <div class=\"socials-team\">\n\t\t     \t\t\t     \t\t   \n\t\t     \t\t\t\t   <\/div>\n\t\t\t\t\t<\/div>\n\t\t<div class=\"team-content\">\n\t   <div class=\"team-name\"><a href=\"https:\/\/maisonculturellebelgo-albanaise.com\/?gva_team=nicolas-wieers\">Nicolas Wieers<\/a><\/div>\n\t   \t   <div class=\"team-body\"><\/div>\n\t   \n\t<\/div>\n<\/div>  <div class=\"team-block team-v1\">\n\t\t\t<div class=\"team-image\">\n\t\t \t<a href=\"https:\/\/maisonculturellebelgo-albanaise.com\/?gva_team=aulon-naci\"><img loading=\"lazy\" decoding=\"async\" width=\"427\" height=\"550\" src=\"https:\/\/i0.wp.com\/maisonculturellebelgo-albanaise.com\/wp-content\/uploads\/2023\/05\/Untitled-design-5-1.png?fit=427%2C550&amp;ssl=1\" class=\"attachment-post-thumbnail size-post-thumbnail wp-post-image\" alt=\"\" \/><\/a>\n\t\t \t\t\t\t   <div class=\"socials-team\">\n\t\t     \t\t\t     \t\t   \n\t\t     \t\t\t\t   <\/div>\n\t\t\t\t\t<\/div>\n\t\t<div class=\"team-content\">\n\t   <div class=\"team-name\"><a href=\"https:\/\/maisonculturellebelgo-albanaise.com\/?gva_team=aulon-naci\">Aulon Na\u00e7i<\/a><\/div>\n\t      \n\t   \t<div class=\"team-job\">Composer &amp; Professor - University of Arts<\/div>\n\t   \t   <div class=\"team-body\"><\/div>\n\t   \n\t<\/div>\n<\/div>  <div class=\"team-block team-v1\">\n\t\t\t<div class=\"team-image\">\n\t\t \t<a href=\"https:\/\/maisonculturellebelgo-albanaise.com\/?gva_team=sakip-skepi\"><img loading=\"lazy\" decoding=\"async\" width=\"427\" height=\"550\" src=\"https:\/\/i0.wp.com\/maisonculturellebelgo-albanaise.com\/wp-content\/uploads\/2015\/12\/Untitled-design-6.png?fit=427%2C550&amp;ssl=1\" class=\"attachment-post-thumbnail size-post-thumbnail wp-post-image\" alt=\"\" \/><\/a>\n\t\t \t\t\t\t   <div class=\"socials-team\">\n\t\t     \t\t\t     \t\t   \n\t\t     \t\t\t\t   <\/div>\n\t\t\t\t\t<\/div>\n\t\t<div class=\"team-content\">\n\t   <div class=\"team-name\"><a href=\"https:\/\/maisonculturellebelgo-albanaise.com\/?gva_team=sakip-skepi\">Sakip Skepi<\/a><\/div>\n\t      \n\t   \t<div class=\"team-job\">CEO - Jehona e Shqip\u00ebs - Radio Panik<\/div>\n\t   \t   <div class=\"team-body\"><\/div>\n\t   \n\t<\/div>\n<\/div>  <div class=\"team-block team-v1\">\n\t\t\t<div class=\"team-image\">\n\t\t \t<a href=\"https:\/\/maisonculturellebelgo-albanaise.com\/?gva_team=giovanni-albanese\"><img loading=\"lazy\" decoding=\"async\" width=\"427\" height=\"550\" src=\"https:\/\/i0.wp.com\/maisonculturellebelgo-albanaise.com\/wp-content\/uploads\/2023\/06\/Untitled-design-13.png?fit=427%2C550&amp;ssl=1\" class=\"attachment-post-thumbnail size-post-thumbnail wp-post-image\" alt=\"\" \/><\/a>\n\t\t \t\t\t\t   <div class=\"socials-team\">\n\t\t     \t\t\t     \t\t   \n\t\t     \t\t\t\t   <\/div>\n\t\t\t\t\t<\/div>\n\t\t<div class=\"team-content\">\n\t   <div class=\"team-name\"><a href=\"https:\/\/maisonculturellebelgo-albanaise.com\/?gva_team=giovanni-albanese\">Giovanni Albanese<\/a><\/div>\n\t   \t   <div class=\"team-body\"><\/div>\n\t   \n\t<\/div>\n<\/div>  <div class=\"team-block team-v1\">\n\t\t\t<div class=\"team-image\">\n\t\t \t<a href=\"https:\/\/maisonculturellebelgo-albanaise.com\/?gva_team=liridon-lika\"><img loading=\"lazy\" decoding=\"async\" width=\"427\" height=\"550\" src=\"https:\/\/i0.wp.com\/maisonculturellebelgo-albanaise.com\/wp-content\/uploads\/2023\/06\/Untitled-design-19.png?fit=427%2C550&amp;ssl=1\" class=\"attachment-post-thumbnail size-post-thumbnail wp-post-image\" alt=\"\" \/><\/a>\n\t\t \t\t\t\t   <div class=\"socials-team\">\n\t\t     \t\t\t     \t\t   \n\t\t     \t\t\t\t   <\/div>\n\t\t\t\t\t<\/div>\n\t\t<div class=\"team-content\">\n\t   <div class=\"team-name\"><a href=\"https:\/\/maisonculturellebelgo-albanaise.com\/?gva_team=liridon-lika\">Liridon Lika<\/a><\/div>\n\t   \t   <div class=\"team-body\"><\/div>\n\t   \n\t<\/div>\n<\/div>  <div class=\"team-block team-v1\">\n\t\t\t<div class=\"team-image\">\n\t\t \t<a href=\"https:\/\/maisonculturellebelgo-albanaise.com\/?gva_team=laura-llangozi\"><img loading=\"lazy\" decoding=\"async\" width=\"427\" height=\"550\" src=\"https:\/\/i0.wp.com\/maisonculturellebelgo-albanaise.com\/wp-content\/uploads\/2023\/06\/Untitled-design-21.png?fit=427%2C550&amp;ssl=1\" class=\"attachment-post-thumbnail size-post-thumbnail wp-post-image\" alt=\"\" \/><\/a>\n\t\t \t\t\t\t   <div class=\"socials-team\">\n\t\t     \t\t\t     \t\t   \n\t\t     \t\t\t\t   <\/div>\n\t\t\t\t\t<\/div>\n\t\t<div class=\"team-content\">\n\t   <div class=\"team-name\"><a href=\"https:\/\/maisonculturellebelgo-albanaise.com\/?gva_team=laura-llangozi\">Laura Llangozi<\/a><\/div>\n\t      \n\t   \t<div class=\"team-job\">Practice Development Lawyer<\/div>\n\t   \t   <div class=\"team-body\"><\/div>\n\t   \n\t<\/div>\n<\/div>          <\/div>\r\n      <\/div>\r\n        <\/div>\r\n  <\/div>\t\t\t\t<\/div>\n\t\t\t\t<\/div>\n\t\t\t\t\t<\/div>\n\t\t<\/div>\n\t\t\t\t\t<\/div>\n\t\t<\/section>\n\t\t\t\t<\/div>\n\t\t","protected":false},"excerpt":{"rendered":"<p>Ledja Canaj CO-FOUNDER &amp; CEO OF MAISON CULTURELLE BELGO-ALBANAISE Kol\u00eb Gjeloshaj Panathalon Wal-Bxl &amp; Belgium Vice President &#8211; EFPM strategic coordinator Kimete Katia Basha Ilirjana Gjoni Arb\u00ebr \u00c7epani Geg\u00eb Efendija Marc Frederix Denajda Bajraktari Michael De Cock Drilona Shtjefni Vildan Maksuti Nicolas Wieers Aulon Na\u00e7i Composer &amp; Professor &#8211; University of Arts Sakip Skepi CEO [&hellip;]<\/p>\n","protected":false},"author":1,"featured_media":0,"parent":0,"menu_order":0,"comment_status":"closed","ping_status":"closed","template":"","meta":{"give_campaign_id":0,"nf_dc_page":"","om_disable_all_campaigns":false,"footnotes":""},"class_list":["post-2844","page","type-page","status-publish","hentry"],"yoast_head":"<!-- This site is optimized with the Yoast SEO plugin v27.4 - https:\/\/yoast.com\/product\/yoast-seo-wordpress\/ -->\n<title>BOARD - ShqipVille<\/title>\n<meta name=\"robots\" content=\"index, follow, max-snippet:-1, max-image-preview:large, max-video-preview:-1\" \/>\n<link rel=\"canonical\" href=\"https:\/\/maisonculturellebelgo-albanaise.com\/?page_id=2844\" \/>\n<meta property=\"og:locale\" content=\"en_US\" \/>\n<meta property=\"og:type\" content=\"article\" \/>\n<meta property=\"og:title\" content=\"BOARD - ShqipVille\" \/>\n<meta property=\"og:description\" content=\"Ledja Canaj CO-FOUNDER &amp; CEO OF MAISON CULTURELLE BELGO-ALBANAISE Kol\u00eb Gjeloshaj Panathalon Wal-Bxl &amp; Belgium Vice President &#8211; EFPM strategic coordinator Kimete Katia Basha Ilirjana Gjoni Arb\u00ebr \u00c7epani Geg\u00eb Efendija Marc Frederix Denajda Bajraktari Michael De Cock Drilona Shtjefni Vildan Maksuti Nicolas Wieers Aulon Na\u00e7i Composer &amp; Professor &#8211; University of Arts Sakip Skepi CEO [&hellip;]\" \/>\n<meta property=\"og:url\" content=\"https:\/\/maisonculturellebelgo-albanaise.com\/?page_id=2844\" \/>\n<meta property=\"og:site_name\" content=\"ShqipVille\" \/>\n<meta property=\"article:modified_time\" content=\"2023-06-07T18:25:18+00:00\" \/>\n<meta property=\"og:image\" content=\"https:\/\/maisonculturellebelgo-albanaise.com\/wp-content\/uploads\/2018\/02\/Untitled-design-3-1-427x550.png\" \/>\n<meta name=\"twitter:card\" content=\"summary_large_image\" \/>\n<meta name=\"twitter:label1\" content=\"Est. reading time\" \/>\n\t<meta name=\"twitter:data1\" content=\"4 minutes\" \/>\n<script type=\"application\/ld+json\" class=\"yoast-schema-graph\">{\"@context\":\"https:\\\/\\\/schema.org\",\"@graph\":[{\"@type\":\"WebPage\",\"@id\":\"https:\\\/\\\/maisonculturellebelgo-albanaise.com\\\/?page_id=2844\",\"url\":\"https:\\\/\\\/maisonculturellebelgo-albanaise.com\\\/?page_id=2844\",\"name\":\"BOARD - ShqipVille\",\"isPartOf\":{\"@id\":\"https:\\\/\\\/maisonculturellebelgo-albanaise.com\\\/#website\"},\"primaryImageOfPage\":{\"@id\":\"https:\\\/\\\/maisonculturellebelgo-albanaise.com\\\/?page_id=2844#primaryimage\"},\"image\":{\"@id\":\"https:\\\/\\\/maisonculturellebelgo-albanaise.com\\\/?page_id=2844#primaryimage\"},\"thumbnailUrl\":\"https:\\\/\\\/maisonculturellebelgo-albanaise.com\\\/wp-content\\\/uploads\\\/2018\\\/02\\\/Untitled-design-3-1-427x550.png\",\"datePublished\":\"2018-03-06T08:16:16+00:00\",\"dateModified\":\"2023-06-07T18:25:18+00:00\",\"breadcrumb\":{\"@id\":\"https:\\\/\\\/maisonculturellebelgo-albanaise.com\\\/?page_id=2844#breadcrumb\"},\"inLanguage\":\"en-US\",\"potentialAction\":[{\"@type\":\"ReadAction\",\"target\":[\"https:\\\/\\\/maisonculturellebelgo-albanaise.com\\\/?page_id=2844\"]}]},{\"@type\":\"ImageObject\",\"inLanguage\":\"en-US\",\"@id\":\"https:\\\/\\\/maisonculturellebelgo-albanaise.com\\\/?page_id=2844#primaryimage\",\"url\":\"https:\\\/\\\/i0.wp.com\\\/maisonculturellebelgo-albanaise.com\\\/wp-content\\\/uploads\\\/2018\\\/02\\\/Untitled-design-3-1.png?fit=450%2C580&ssl=1\",\"contentUrl\":\"https:\\\/\\\/i0.wp.com\\\/maisonculturellebelgo-albanaise.com\\\/wp-content\\\/uploads\\\/2018\\\/02\\\/Untitled-design-3-1.png?fit=450%2C580&ssl=1\",\"width\":450,\"height\":580},{\"@type\":\"BreadcrumbList\",\"@id\":\"https:\\\/\\\/maisonculturellebelgo-albanaise.com\\\/?page_id=2844#breadcrumb\",\"itemListElement\":[{\"@type\":\"ListItem\",\"position\":1,\"name\":\"Home\",\"item\":\"https:\\\/\\\/maisonculturellebelgo-albanaise.com\\\/\"},{\"@type\":\"ListItem\",\"position\":2,\"name\":\"BOARD\"}]},{\"@type\":\"WebSite\",\"@id\":\"https:\\\/\\\/maisonculturellebelgo-albanaise.com\\\/#website\",\"url\":\"https:\\\/\\\/maisonculturellebelgo-albanaise.com\\\/\",\"name\":\"ShqipVille\",\"description\":\"ShqipVille\",\"potentialAction\":[{\"@type\":\"SearchAction\",\"target\":{\"@type\":\"EntryPoint\",\"urlTemplate\":\"https:\\\/\\\/maisonculturellebelgo-albanaise.com\\\/?s={search_term_string}\"},\"query-input\":{\"@type\":\"PropertyValueSpecification\",\"valueRequired\":true,\"valueName\":\"search_term_string\"}}],\"inLanguage\":\"en-US\"}]}<\/script>\n<!-- \/ Yoast SEO plugin. -->","yoast_head_json":{"title":"BOARD - ShqipVille","robots":{"index":"index","follow":"follow","max-snippet":"max-snippet:-1","max-image-preview":"max-image-preview:large","max-video-preview":"max-video-preview:-1"},"canonical":"https:\/\/maisonculturellebelgo-albanaise.com\/?page_id=2844","og_locale":"en_US","og_type":"article","og_title":"BOARD - ShqipVille","og_description":"Ledja Canaj CO-FOUNDER &amp; CEO OF MAISON CULTURELLE BELGO-ALBANAISE Kol\u00eb Gjeloshaj Panathalon Wal-Bxl &amp; Belgium Vice President &#8211; EFPM strategic coordinator Kimete Katia Basha Ilirjana Gjoni Arb\u00ebr \u00c7epani Geg\u00eb Efendija Marc Frederix Denajda Bajraktari Michael De Cock Drilona Shtjefni Vildan Maksuti Nicolas Wieers Aulon Na\u00e7i Composer &amp; Professor &#8211; University of Arts Sakip Skepi CEO [&hellip;]","og_url":"https:\/\/maisonculturellebelgo-albanaise.com\/?page_id=2844","og_site_name":"ShqipVille","article_modified_time":"2023-06-07T18:25:18+00:00","og_image":[{"url":"https:\/\/maisonculturellebelgo-albanaise.com\/wp-content\/uploads\/2018\/02\/Untitled-design-3-1-427x550.png","type":"","width":"","height":""}],"twitter_card":"summary_large_image","twitter_misc":{"Est. reading time":"4 minutes"},"schema":{"@context":"https:\/\/schema.org","@graph":[{"@type":"WebPage","@id":"https:\/\/maisonculturellebelgo-albanaise.com\/?page_id=2844","url":"https:\/\/maisonculturellebelgo-albanaise.com\/?page_id=2844","name":"BOARD - ShqipVille","isPartOf":{"@id":"https:\/\/maisonculturellebelgo-albanaise.com\/#website"},"primaryImageOfPage":{"@id":"https:\/\/maisonculturellebelgo-albanaise.com\/?page_id=2844#primaryimage"},"image":{"@id":"https:\/\/maisonculturellebelgo-albanaise.com\/?page_id=2844#primaryimage"},"thumbnailUrl":"https:\/\/maisonculturellebelgo-albanaise.com\/wp-content\/uploads\/2018\/02\/Untitled-design-3-1-427x550.png","datePublished":"2018-03-06T08:16:16+00:00","dateModified":"2023-06-07T18:25:18+00:00","breadcrumb":{"@id":"https:\/\/maisonculturellebelgo-albanaise.com\/?page_id=2844#breadcrumb"},"inLanguage":"en-US","potentialAction":[{"@type":"ReadAction","target":["https:\/\/maisonculturellebelgo-albanaise.com\/?page_id=2844"]}]},{"@type":"ImageObject","inLanguage":"en-US","@id":"https:\/\/maisonculturellebelgo-albanaise.com\/?page_id=2844#primaryimage","url":"https:\/\/i0.wp.com\/maisonculturellebelgo-albanaise.com\/wp-content\/uploads\/2018\/02\/Untitled-design-3-1.png?fit=450%2C580&ssl=1","contentUrl":"https:\/\/i0.wp.com\/maisonculturellebelgo-albanaise.com\/wp-content\/uploads\/2018\/02\/Untitled-design-3-1.png?fit=450%2C580&ssl=1","width":450,"height":580},{"@type":"BreadcrumbList","@id":"https:\/\/maisonculturellebelgo-albanaise.com\/?page_id=2844#breadcrumb","itemListElement":[{"@type":"ListItem","position":1,"name":"Home","item":"https:\/\/maisonculturellebelgo-albanaise.com\/"},{"@type":"ListItem","position":2,"name":"BOARD"}]},{"@type":"WebSite","@id":"https:\/\/maisonculturellebelgo-albanaise.com\/#website","url":"https:\/\/maisonculturellebelgo-albanaise.com\/","name":"ShqipVille","description":"ShqipVille","potentialAction":[{"@type":"SearchAction","target":{"@type":"EntryPoint","urlTemplate":"https:\/\/maisonculturellebelgo-albanaise.com\/?s={search_term_string}"},"query-input":{"@type":"PropertyValueSpecification","valueRequired":true,"valueName":"search_term_string"}}],"inLanguage":"en-US"}]}},"campaignId":"","jetpack_sharing_enabled":true,"_links":{"self":[{"href":"https:\/\/maisonculturellebelgo-albanaise.com\/index.php?rest_route=\/wp\/v2\/pages\/2844","targetHints":{"allow":["GET"]}}],"collection":[{"href":"https:\/\/maisonculturellebelgo-albanaise.com\/index.php?rest_route=\/wp\/v2\/pages"}],"about":[{"href":"https:\/\/maisonculturellebelgo-albanaise.com\/index.php?rest_route=\/wp\/v2\/types\/page"}],"author":[{"embeddable":true,"href":"https:\/\/maisonculturellebelgo-albanaise.com\/index.php?rest_route=\/wp\/v2\/users\/1"}],"replies":[{"embeddable":true,"href":"https:\/\/maisonculturellebelgo-albanaise.com\/index.php?rest_route=%2Fwp%2Fv2%2Fcomments&post=2844"}],"version-history":[{"count":5,"href":"https:\/\/maisonculturellebelgo-albanaise.com\/index.php?rest_route=\/wp\/v2\/pages\/2844\/revisions"}],"predecessor-version":[{"id":6385,"href":"https:\/\/maisonculturellebelgo-albanaise.com\/index.php?rest_route=\/wp\/v2\/pages\/2844\/revisions\/6385"}],"wp:attachment":[{"href":"https:\/\/maisonculturellebelgo-albanaise.com\/index.php?rest_route=%2Fwp%2Fv2%2Fmedia&parent=2844"}],"curies":[{"name":"wp","href":"https:\/\/api.w.org\/{rel}","templated":true}]}}